{"id":1305,"date":"2013-02-26T17:38:57","date_gmt":"2013-02-26T15:38:57","guid":{"rendered":"http:\/\/www.emelvardar.com\/?page_id=1305"},"modified":"2017-08-13T10:58:13","modified_gmt":"2017-08-13T07:58:13","slug":"bronze-sculptures","status":"publish","type":"page","link":"https:\/\/www.emelvardar.com\/english\/bronze-sculptures\/","title":{"rendered":"Bronze Sculptures"},"content":{"rendered":"<div class=\"wpb-content-wrapper\"><p>[vc_row][vc_column width=&#8221;1\/1&#8243;]\n\t\t<div class=\"portfolio-element\">\n\n\t\t\n\t\t\t\t\t<div class=\"container\">\n\t\t\n\t\t\t\t\t<div id=\"1072524553\" class=\"portfolio-items portfolio-grid portfolio-overlay-name clearfix\" data-id=\"1072524553\">  \n\t\t\t\t\t\t\n\t\t\t\t\t\t\t\n\t\t\t\t\t\t\t\n\t\t\t\t\t\t\n\t\t\t\t\t\t\t\t\t\t\t\t\t\t\t\t\n\t\t\t\t\t\t\t\t   \n\n\t\t\t\t\t\t\t\t<div class=\"term-bronze-sculptures portfolio-item four columns\">\n\t\t\t\t\t\t\t\t\t<div class=\"portfolio-image\"><a href=\"https:\/\/www.emelvardar.com\/english\/works\/calla\/\" title=\"Calla\"><div class=\"portfolio-image-img\"><img decoding=\"async\" src=\"https:\/\/www.emelvardar.com\/english\/wp-content\/uploads\/2021\/07\/calla-40x17x20cm-bronze.jpg\" alt=\"Calla\" \/><\/div><div class=\"portfolio-overlay overlay-name\"><span>Calla<\/span><i class=\"icon-minti-plus\"><\/i><\/div><\/a><\/div>\n\t\t\t\t\t\t\t\t<\/div>\n\n\t\t\t\t\t\t\t\t\t\t\t\t  \n\t\t\t\t\t\t\n\t\t\t\t\t\t\t\n\t\t\t\t\t\t\t\n\t\t\t\t\t\t\n\t\t\t\t\t\t\t\t\t\t\t\t\t\t\t\t\n\t\t\t\t\t\t\t\t   \n\n\t\t\t\t\t\t\t\t<div class=\"term-bronze-sculptures portfolio-item four columns\">\n\t\t\t\t\t\t\t\t\t<div class=\"portfolio-image\"><a href=\"https:\/\/www.emelvardar.com\/english\/works\/roses\/\" title=\"Roses\"><div class=\"portfolio-image-img\"><img decoding=\"async\" src=\"https:\/\/www.emelvardar.com\/english\/wp-content\/uploads\/2013\/02\/Roses-26x23x19-Bronze.jpg\" alt=\"Roses\" \/><\/div><div class=\"portfolio-overlay overlay-name\"><span>Roses<\/span><i class=\"icon-minti-plus\"><\/i><\/div><\/a><\/div>\n\t\t\t\t\t\t\t\t<\/div>\n\n\t\t\t\t\t\t\t\t\t\t\t\t  \n\t\t\t\t\t\t\n\t\t\t\t\t\t\t\n\t\t\t\t\t\t\t\n\t\t\t\t\t\t\n\t\t\t\t\t\t\t\t\t\t\t\t\t\t\t\t\n\t\t\t\t\t\t\t\t   \n\n\t\t\t\t\t\t\t\t<div class=\"term-bronze-sculptures portfolio-item four columns\">\n\t\t\t\t\t\t\t\t\t<div class=\"portfolio-image\"><a href=\"https:\/\/www.emelvardar.com\/english\/works\/greenlady\/\" title=\"Greenlady\"><div class=\"portfolio-image-img\"><img decoding=\"async\" src=\"https:\/\/www.emelvardar.com\/english\/wp-content\/uploads\/2013\/02\/Greenlady-32x19x9-Bronze.jpg\" alt=\"Greenlady\" \/><\/div><div class=\"portfolio-overlay overlay-name\"><span>Greenlady<\/span><i class=\"icon-minti-plus\"><\/i><\/div><\/a><\/div>\n\t\t\t\t\t\t\t\t<\/div>\n\n\t\t\t\t\t\t\t\t\t\t\t\t  \n\t\t\t\t\t\t\n\t\t\t\t\t\t\t\n\t\t\t\t\t\t\t\n\t\t\t\t\t\t\n\t\t\t\t\t\t\t\t\t\t\t\t\t\t\t\t\n\t\t\t\t\t\t\t\t   \n\n\t\t\t\t\t\t\t\t<div class=\"term-bronze-sculptures portfolio-item four columns\">\n\t\t\t\t\t\t\t\t\t<div class=\"portfolio-image\"><a href=\"https:\/\/www.emelvardar.com\/english\/works\/lady-in-green\/\" title=\"Lady in Green\"><div class=\"portfolio-image-img\"><img decoding=\"async\" src=\"https:\/\/www.emelvardar.com\/english\/wp-content\/uploads\/2013\/02\/Lady-in-Green-38x19x10-Bronze.jpg\" alt=\"Lady in Green\" \/><\/div><div class=\"portfolio-overlay overlay-name\"><span>Lady in Green<\/span><i class=\"icon-minti-plus\"><\/i><\/div><\/a><\/div>\n\t\t\t\t\t\t\t\t<\/div>\n\n\t\t\t\t\t\t\t\t\t\t\t\t  \n\t\t\t\t\t\t\n\t\t\t\t\t\t\t\n\t\t\t\t\t\t\t\n\t\t\t\t\t\t\n\t\t\t\t\t\t\t\t\t\t\t\t\t\t\t\t\n\t\t\t\t\t\t\t\t   \n\n\t\t\t\t\t\t\t\t<div class=\"term-bronze-sculptures portfolio-item four columns\">\n\t\t\t\t\t\t\t\t\t<div class=\"portfolio-image\"><a href=\"https:\/\/www.emelvardar.com\/english\/works\/loftiness\/\" title=\"Loftiness\"><div class=\"portfolio-image-img\"><img decoding=\"async\" src=\"https:\/\/www.emelvardar.com\/english\/wp-content\/uploads\/2013\/02\/Loftines-50x21x15-Bronze.jpg\" alt=\"Loftiness\" \/><\/div><div class=\"portfolio-overlay overlay-name\"><span>Loftiness<\/span><i class=\"icon-minti-plus\"><\/i><\/div><\/a><\/div>\n\t\t\t\t\t\t\t\t<\/div>\n\n\t\t\t\t\t\t\t\t\t\t\t\t  \n\t\t\t\t\t\t\n\t\t\t\t\t\t\t\n\t\t\t\t\t\t\t\n\t\t\t\t\t\t\n\t\t\t\t\t\t\t\t\t\t\t\t\t\t\t\t\n\t\t\t\t\t\t\t\t   \n\n\t\t\t\t\t\t\t\t<div class=\"term-bronze-sculptures portfolio-item four columns\">\n\t\t\t\t\t\t\t\t\t<div class=\"portfolio-image\"><a href=\"https:\/\/www.emelvardar.com\/english\/works\/medusa\/\" title=\"Medusa\"><div class=\"portfolio-image-img\"><img decoding=\"async\" src=\"https:\/\/www.emelvardar.com\/english\/wp-content\/uploads\/2017\/07\/Medusa-Bronz.jpg\" alt=\"Medusa\" \/><\/div><div class=\"portfolio-overlay overlay-name\"><span>Medusa<\/span><i class=\"icon-minti-plus\"><\/i><\/div><\/a><\/div>\n\t\t\t\t\t\t\t\t<\/div>\n\n\t\t\t\t\t\t\t\t\t\t\t\t  \n\t\t\t\t\t\t\n\t\t\t\t\t\t\t\n\t\t\t\t\t\t\t\n\t\t\t\t\t\t\n\t\t\t\t\t\t\t\t\t\t\t\t\t\t\t\t\n\t\t\t\t\t\t\t\t   \n\n\t\t\t\t\t\t\t\t<div class=\"term-bronze-sculptures portfolio-item four columns\">\n\t\t\t\t\t\t\t\t\t<div class=\"portfolio-image\"><a href=\"https:\/\/www.emelvardar.com\/english\/works\/baris-manco\/\" title=\"Bar\u0131\u015f Man\u00e7o\"><div class=\"portfolio-image-img\"><img decoding=\"async\" src=\"https:\/\/www.emelvardar.com\/english\/wp-content\/uploads\/2013\/02\/Baris-Manco-40x29x26-Bronze.jpg\" alt=\"Bar\u0131\u015f Man\u00e7o\" \/><\/div><div class=\"portfolio-overlay overlay-name\"><span>Bar\u0131\u015f Man\u00e7o<\/span><i class=\"icon-minti-plus\"><\/i><\/div><\/a><\/div>\n\t\t\t\t\t\t\t\t<\/div>\n\n\t\t\t\t\t\t\t\t\t\t\t\t  \n\t\t\t\t\t\t\n\t\t\t\t\t\t\t\n\t\t\t\t\t\t\t\n\t\t\t\t\t\t\n\t\t\t\t\t\t\t\t\t\t\t\t\t\t\t\t\n\t\t\t\t\t\t\t\t   \n\n\t\t\t\t\t\t\t\t<div class=\"term-bronze-sculptures portfolio-item four columns\">\n\t\t\t\t\t\t\t\t\t<div class=\"portfolio-image\"><a href=\"https:\/\/www.emelvardar.com\/english\/works\/hollow\/\" title=\"Hollow\"><div class=\"portfolio-image-img\"><img decoding=\"async\" src=\"https:\/\/www.emelvardar.com\/english\/wp-content\/uploads\/2013\/02\/Hollow-41x19x14-Bronze.jpg\" alt=\"Hollow\" \/><\/div><div class=\"portfolio-overlay overlay-name\"><span>Hollow<\/span><i class=\"icon-minti-plus\"><\/i><\/div><\/a><\/div>\n\t\t\t\t\t\t\t\t<\/div>\n\n\t\t\t\t\t\t\t\t\t\t\t\t  \n\t\t\t\t\t\t\n\t\t\t\t\t\t\t\n\t\t\t\t\t\t\t\n\t\t\t\t\t\t\n\t\t\t\t\t\t\t\t\t\t\t\t\t\t\t\t\n\t\t\t\t\t\t\t\t   \n\n\t\t\t\t\t\t\t\t<div class=\"term-bronze-sculptures portfolio-item four columns\">\n\t\t\t\t\t\t\t\t\t<div class=\"portfolio-image\"><a href=\"https:\/\/www.emelvardar.com\/english\/works\/michael-jackson\/\" title=\"Michael Jackson\"><div class=\"portfolio-image-img\"><img decoding=\"async\" src=\"https:\/\/www.emelvardar.com\/english\/wp-content\/uploads\/2013\/02\/Michael-Jackson-50x31x34-Bronze.jpg\" alt=\"Michael Jackson\" \/><\/div><div class=\"portfolio-overlay overlay-name\"><span>Michael Jackson<\/span><i class=\"icon-minti-plus\"><\/i><\/div><\/a><\/div>\n\t\t\t\t\t\t\t\t<\/div>\n\n\t\t\t\t\t\t\t\t\t\t\t\t  \n\t\t\t\t\t\t\n\t\t\t\t\t\t\t\n\t\t\t\t\t\t\t\n\t\t\t\t\t\t\n\t\t\t\t\t\t\t\t\t\t\t\t\t\t\t\t\n\t\t\t\t\t\t\t\t   \n\n\t\t\t\t\t\t\t\t<div class=\"term-bronze-sculptures portfolio-item four columns\">\n\t\t\t\t\t\t\t\t\t<div class=\"portfolio-image\"><a href=\"https:\/\/www.emelvardar.com\/english\/works\/gentleman\/\" title=\"Gentleman\"><div class=\"portfolio-image-img\"><img decoding=\"async\" src=\"https:\/\/www.emelvardar.com\/english\/wp-content\/uploads\/2017\/06\/Bronze-Gentleman-73x30x21cm.jpg\" alt=\"Gentleman\" \/><\/div><div class=\"portfolio-overlay overlay-name\"><span>Gentleman<\/span><i class=\"icon-minti-plus\"><\/i><\/div><\/a><\/div>\n\t\t\t\t\t\t\t\t<\/div>\n\n\t\t\t\t\t\t\t\t\t\t\t\t  \n\t\t\t\t\t\t\n\t\t\t\t\t\t\t\n\t\t\t\t\t\t\t\n\t\t\t\t\t\t\n\t\t\t\t\t\t\t\t\t\t\t\t\t\t\t\t\n\t\t\t\t\t\t\t\t   \n\n\t\t\t\t\t\t\t\t<div class=\"term-bronze-sculptures portfolio-item four columns\">\n\t\t\t\t\t\t\t\t\t<div class=\"portfolio-image\"><a href=\"https:\/\/www.emelvardar.com\/english\/works\/september-i\/\" title=\"September I\"><div class=\"portfolio-image-img\"><img decoding=\"async\" src=\"https:\/\/www.emelvardar.com\/english\/wp-content\/uploads\/2013\/02\/September-I-19x23x30-Bronze.jpg\" alt=\"September I\" \/><\/div><div class=\"portfolio-overlay overlay-name\"><span>September I<\/span><i class=\"icon-minti-plus\"><\/i><\/div><\/a><\/div>\n\t\t\t\t\t\t\t\t<\/div>\n\n\t\t\t\t\t\t\t\t\t\t\t\t  \n\t\t\t\t\t\t\n\t\t\t\t\t\t\t\n\t\t\t\t\t\t\t\n\t\t\t\t\t\t\n\t\t\t\t\t\t\t\t\t\t\t\t\t\t\t\t\n\t\t\t\t\t\t\t\t   \n\n\t\t\t\t\t\t\t\t<div class=\"term-bronze-sculptures portfolio-item four columns\">\n\t\t\t\t\t\t\t\t\t<div class=\"portfolio-image\"><a href=\"https:\/\/www.emelvardar.com\/english\/works\/september-ii\/\" title=\"September II\"><div class=\"portfolio-image-img\"><img decoding=\"async\" src=\"https:\/\/www.emelvardar.com\/english\/wp-content\/uploads\/2013\/02\/September-II-84x24x18-Bronze.jpg\" alt=\"September II\" \/><\/div><div class=\"portfolio-overlay overlay-name\"><span>September II<\/span><i class=\"icon-minti-plus\"><\/i><\/div><\/a><\/div>\n\t\t\t\t\t\t\t\t<\/div>\n\n\t\t\t\t\t\t\t\t\t\t\t\t  \n\t\t\t\t\t\t\t\t\t\t\t<\/div>\n\n\t\t\t\t\t<\/div>\n\t\t\n\t\t<\/div>\n\t\t\t\n\t\t\t\t\t<div class=\"pagination-grid\"><div id=\"pagination\" class=\"clearfix\"><ul>\n<li class=\"current\"><a href=\"https:\/\/www.emelvardar.com\/english\/wp-json\/wp\/v2\/pages\/1305\/\">1<\/a><\/li>\n<li><a href=\"https:\/\/www.emelvardar.com\/english\/wp-json\/wp\/v2\/pages\/1305\/page\/2\/\">2<\/a><\/li>\n<li><a href=\"https:\/\/www.emelvardar.com\/english\/wp-json\/wp\/v2\/pages\/1305\/page\/3\/\">3<\/a><\/li>\n<li class=\"pagination-next\"><a href=\"https:\/\/www.emelvardar.com\/english\/wp-json\/wp\/v2\/pages\/1305\/page\/2\/\" ><i class=\"fa fa-chevron-right\"><\/i><\/a><\/li>\n<\/ul><\/div>\n<p class=\"hidden\"><a href=\"https:\/\/www.emelvardar.com\/english\/wp-json\/wp\/v2\/pages\/1305\/page\/2\/\" >Next Page &raquo;<\/a><\/p><\/div>\n\t\t\t\t\n\t\t[\/vc_column][\/vc_row]<\/p>\n<\/div>","protected":false},"excerpt":{"rendered":"<p>[vc_row][vc_column width=&#8221;1\/1&#8243;][\/vc_column][\/vc_row]<\/p>\n","protected":false},"author":2,"featured_media":0,"parent":0,"menu_order":1,"comment_status":"closed","ping_status":"closed","template":"","meta":{"footnotes":""},"class_list":["post-1305","page","type-page","status-publish","hentry"],"_links":{"self":[{"href":"https:\/\/www.emelvardar.com\/english\/wp-json\/wp\/v2\/pages\/1305","targetHints":{"allow":["GET"]}}],"collection":[{"href":"https:\/\/www.emelvardar.com\/english\/wp-json\/wp\/v2\/pages"}],"about":[{"href":"https:\/\/www.emelvardar.com\/english\/wp-json\/wp\/v2\/types\/page"}],"author":[{"embeddable":true,"href":"https:\/\/www.emelvardar.com\/english\/wp-json\/wp\/v2\/users\/2"}],"replies":[{"embeddable":true,"href":"https:\/\/www.emelvardar.com\/english\/wp-json\/wp\/v2\/comments?post=1305"}],"version-history":[{"count":0,"href":"https:\/\/www.emelvardar.com\/english\/wp-json\/wp\/v2\/pages\/1305\/revisions"}],"wp:attachment":[{"href":"https:\/\/www.emelvardar.com\/english\/wp-json\/wp\/v2\/media?parent=1305"}],"curies":[{"name":"wp","href":"https:\/\/api.w.org\/{rel}","templated":true}]}}